{"id":398,"date":"2025-02-21T17:10:34","date_gmt":"2025-02-21T20:10:34","guid":{"rendered":"https:\/\/conteudo.itnext.com.br\/?page_id=398"},"modified":"2025-02-21T17:15:22","modified_gmt":"2025-02-21T20:15:22","slug":"ebook-indicadores-power-bi","status":"publish","type":"page","link":"https:\/\/conteudo.itnext.com.br\/pt\/ebook-indicadores-power-bi\/","title":{"rendered":"Ebook &#8211; Indicadores Power BI"},"content":{"rendered":"<p>[et_pb_section fb_built=&#8221;1&#8243; disabled_on=&#8221;off|off|off&#8221; _builder_version=&#8221;4.24.2&#8243; _module_preset=&#8221;default&#8221; background_color=&#8221;#000000&#8243; background_image=&#8221;https:\/\/conteudo.itnext.com.br\/wp-content\/uploads\/2025\/02\/Capas-para-LPs-1.png&#8221; background_size=&#8221;contain&#8221; background_position=&#8221;top_center&#8221; custom_margin=&#8221;||0px||false|false&#8221; custom_margin_tablet=&#8221;||0px||false|false&#8221; custom_margin_phone=&#8221;||-3px||false|false&#8221; custom_margin_last_edited=&#8221;on|desktop&#8221; custom_padding=&#8221;608px||0px||false|false&#8221; background_last_edited=&#8221;on|phone&#8221; background_image_phone=&#8221;https:\/\/conteudo.itnext.com.br\/wp-content\/uploads\/2025\/02\/Feed-Instagram-ITnext-1.png&#8221; background_enable_image_phone=&#8221;on&#8221; global_colors_info=&#8221;{}&#8221;][et_pb_row column_structure=&#8221;1_2,1_2&#8243; custom_padding_last_edited=&#8221;on|phone&#8221; _builder_version=&#8221;4.24.2&#8243; _module_preset=&#8221;default&#8221; background_color=&#8221;RGBA(255,255,255,0)&#8221; background_enable_image=&#8221;off&#8221; custom_margin=&#8221;-545px||||false|false&#8221; custom_margin_tablet=&#8221;-545px||||false|false&#8221; custom_margin_phone=&#8221;-252px||||false|false&#8221; custom_margin_last_edited=&#8221;on|phone&#8221; custom_padding=&#8221;4px||0px||false|false&#8221; custom_padding_tablet=&#8221;&#8221; custom_padding_phone=&#8221;||0px||false|false&#8221; custom_css_main_element=&#8221;display:flex;||align-items:center;||flex-wrap:wrap;&#8221; global_colors_info=&#8221;{}&#8221;][et_pb_column type=&#8221;1_2&#8243; _builder_version=&#8221;4.24.2&#8243; _module_preset=&#8221;default&#8221; global_colors_info=&#8221;{}&#8221;][\/et_pb_column][et_pb_column type=&#8221;1_2&#8243; _builder_version=&#8221;4.24.2&#8243; _module_preset=&#8221;default&#8221; background_color=&#8221;#000000&#8243; custom_padding=&#8221;30px|30px|30px|30px|true|true&#8221; custom_padding_tablet=&#8221;30px|30px|30px|30px|true|true&#8221; custom_padding_phone=&#8221;30px|12px|30px|12px|true|true&#8221; custom_padding_last_edited=&#8221;on|phone&#8221; border_radii=&#8221;on|24px|24px|24px|24px&#8221; border_width_all=&#8221;1px&#8221; border_color_all=&#8221;RGBA(255,255,255,0)&#8221; global_colors_info=&#8221;{}&#8221;][et_pb_text _builder_version=&#8221;4.24.2&#8243; _module_preset=&#8221;default&#8221; text_text_color=&#8221;#FFFFFF&#8221; header_4_font=&#8221;Inter Tight||||||||&#8221; header_4_text_align=&#8221;center&#8221; header_4_text_color=&#8221;#FFFFFF&#8221; header_4_font_size=&#8221;20px&#8221; header_4_line_height=&#8221;1.2em&#8221; header_4_font_size_tablet=&#8221;20px&#8221; header_4_font_size_phone=&#8221;16px&#8221; header_4_font_size_last_edited=&#8221;on|phone&#8221; global_colors_info=&#8221;{}&#8221;]<\/p>\n<h2 style=\"text-align: center;\"><span style=\"color: #ffffff;\"><b>Quero meu e-book:<br \/>Guia Pr\u00e1tico de <br \/>Indicadores Power BI<\/b><\/span><\/h2>\n<p>[\/et_pb_text][dsm_contact_form_7 cf7_library=&#8221;404&#8243; input_background_color=&#8221;#FFFFFF&#8221; module_id=&#8221;form&#8221; _builder_version=&#8221;4.24.2&#8243; _module_preset=&#8221;default&#8221; input_textarea_select_font=&#8221;Inter Tight||||||||&#8221; input_textarea_select_text_color=&#8221;#7d7d7d&#8221; input_textarea_select_font_size=&#8221;18px&#8221; input_textarea_select_line_height=&#8221;1.3em&#8221; placeholder_font=&#8221;Inter Tight||||||||&#8221; placeholder_text_color=&#8221;#7d7d7d&#8221; placeholder_font_size=&#8221;18px&#8221; placeholder_line_height=&#8221;1.3em&#8221; radio_checkbox_font=&#8221;Inter Tight||||||||&#8221; radio_checkbox_text_color=&#8221;#FFFFFF&#8221; custom_button_one=&#8221;on&#8221; button_one_text_size=&#8221;16px&#8221; button_one_text_color=&#8221;#000000&#8243; button_one_bg_color=&#8221;#fc50c0&#8243; button_one_border_width=&#8221;0px&#8221; button_one_border_radius=&#8221;50px&#8221; button_one_font=&#8221;Inter Tight|700|||||||&#8221; button_one_use_icon=&#8221;off&#8221; button_one_custom_padding=&#8221;10px||10px||true|false&#8221; hover_enabled=&#8221;0&#8243; placeholder_font_size_tablet=&#8221;18px&#8221; placeholder_font_size_phone=&#8221;14px&#8221; placeholder_font_size_last_edited=&#8221;on|phone&#8221; border_radii_image=&#8221;on|4px|4px|4px|4px&#8221; global_colors_info=&#8221;{}&#8221; sticky_enabled=&#8221;0&#8243;][\/dsm_contact_form_7][\/et_pb_column][\/et_pb_row][\/et_pb_section][et_pb_section fb_built=&#8221;1&#8243; fullwidth=&#8221;on&#8221; disabled_on=&#8221;on|on|on&#8221; _builder_version=&#8221;4.24.2&#8243; _module_preset=&#8221;default&#8221; disabled=&#8221;on&#8221; global_colors_info=&#8221;{}&#8221;][et_pb_fullwidth_post_title title=&#8221;off&#8221; meta=&#8221;off&#8221; featured_image=&#8221;off&#8221; _builder_version=&#8221;4.24.2&#8243; _module_preset=&#8221;default&#8221; custom_margin=&#8221;0px||||false|false&#8221; custom_padding=&#8221;40px||||false|false&#8221; global_colors_info=&#8221;{}&#8221;][\/et_pb_fullwidth_post_title][\/et_pb_section][et_pb_section fb_built=&#8221;1&#8243; fullwidth=&#8221;on&#8221; disabled_on=&#8221;on|on|on&#8221; _builder_version=&#8221;4.24.2&#8243; _module_preset=&#8221;default&#8221; disabled=&#8221;on&#8221; global_colors_info=&#8221;{}&#8221;][\/et_pb_section]<\/p>\n","protected":false},"excerpt":{"rendered":"<p>Quero meu e-book:Guia Pr\u00e1tico de Indicadores Power BI<div id=\"form\" class=\"et_pb_module dsm_contact_form_7 dsm_contact_form_7_0\">\n\t\t\t\t\n\t\t\t\t\n\t\t\t\t\n\t\t\t\t\n\t\t\t\t\n\t\t\t\t\n\t\t\t\t<div class=\"et_pb_module_inner\">\n\t\t\t\t\t<div class=\"\">\n\t\t\t\t\n<div class=\"wpcf7 no-js\" id=\"wpcf7-f404-o1\" lang=\"pt-BR\" dir=\"ltr\" data-wpcf7-id=\"404\">\n<div class=\"screen-reader-response\"><p role=\"status\" aria-live=\"polite\" aria-atomic=\"true\"><\/p> <ul><\/ul><\/div>\n<form action=\"\/pt\/wp-json\/wp\/v2\/pages\/398#wpcf7-f404-o1\" method=\"post\" class=\"wpcf7-form init\" aria-label=\"Formul\u00e1rios de contato\" novalidate=\"novalidate\" data-status=\"init\" data-trp-original-action=\"\/pt\/wp-json\/wp\/v2\/pages\/398#wpcf7-f404-o1\">\n<div style=\"display: none;\">\n<input type=\"hidden\" name=\"_wpcf7\" value=\"404\" \/>\n<input type=\"hidden\" name=\"_wpcf7_version\" value=\"6.0.6\" \/>\n<input type=\"hidden\" name=\"_wpcf7_locale\" value=\"pt_BR\" \/>\n<input type=\"hidden\" name=\"_wpcf7_unit_tag\" value=\"wpcf7-f404-o1\" \/>\n<input type=\"hidden\" name=\"_wpcf7_container_post\" value=\"0\" \/>\n<input type=\"hidden\" name=\"_wpcf7_posted_data_hash\" value=\"\" \/>\n<\/div>\n<p><label>Nome<\/label><br \/>\n<span class=\"wpcf7-form-control-wrap\" data-name=\"nome\"><input size=\"40\" maxlength=\"400\" class=\"wpcf7-form-control wpcf7-text wpcf7-validates-as-required\" aria-required=\"true\" aria-invalid=\"false\" placeholder=\"Nome\" value=\"\" type=\"text\" name=\"nome\" \/><\/span>\n<\/p>\n<p><label>E-mail<\/label><br \/>\n<span class=\"wpcf7-form-control-wrap\" data-name=\"email\"><input size=\"40\" maxlength=\"400\" class=\"wpcf7-form-control wpcf7-email wpcf7-validates-as-required wpcf7-text wpcf7-validates-as-email\" aria-required=\"true\" aria-invalid=\"false\" placeholder=\"E-mail\" value=\"\" type=\"email\" name=\"email\" \/><\/span>\n<\/p>\n<p><label>WhatsApp com DDD<\/label><br \/>\n<span class=\"wpcf7-form-control-wrap telefone\"><input type=\"text\" value=\"\" name=\"telefone\" class=\"wpcf7-form-control wpcf7-mask wpcf7-validates-as-required wpcf7mf-mask\" size=\"40\" aria-required=\"1\" aria-invalid=\"\" placeholder=\"+55 (__) _ ____-____\" data-mask=\"+55 (__) _ ____-____\" \/><\/span>\n<\/p>\n<p><label>Qual \u00e9 a sua \u00e1rea?<\/label><br \/>\n<span class=\"wpcf7-form-control-wrap\" data-name=\"area\"><input size=\"40\" maxlength=\"400\" class=\"wpcf7-form-control wpcf7-text wpcf7-validates-as-required\" aria-required=\"true\" aria-invalid=\"false\" placeholder=\"Qual \u00e9 a sua \u00e1rea?\" value=\"\" type=\"text\" name=\"area\" \/><\/span>\n<\/p>\n<p><label>Qual \u00e9 o seu cargo atual?<\/label><br \/>\n<span class=\"wpcf7-form-control-wrap\" data-name=\"cargo\"><input size=\"40\" maxlength=\"400\" class=\"wpcf7-form-control wpcf7-text wpcf7-validates-as-required\" aria-required=\"true\" aria-invalid=\"false\" placeholder=\"Qual \u00e9 o seu cargo atual?\" value=\"\" type=\"text\" name=\"cargo\" \/><\/span>\n<\/p>\n<p><label><span class=\"wpcf7-form-control-wrap\" data-name=\"consentimento\"><span class=\"wpcf7-form-control wpcf7-checkbox wpcf7-validates-as-required\"><span class=\"wpcf7-list-item first last\"><label><input type=\"checkbox\" name=\"consentimento[]\" value=\"De acordo com as Leis 12.965\/2014 e 13.709\/2018, que regulam o uso da Internet e o tratamento de dados pessoais no Brasil, autorizo ITnext a enviar notifica\u00e7\u00f5es por e-mail ou outros meios e concordo com sua Pol\u00edtica de Privacidade*.\" \/><span class=\"wpcf7-list-item-label\">De acordo com as Leis 12.965\/2014 e 13.709\/2018, que regulam o uso da Internet e o tratamento de dados pessoais no Brasil, autorizo ITnext a enviar notifica\u00e7\u00f5es por e-mail ou outros meios e concordo com sua Pol\u00edtica de Privacidade*.<\/span><\/label><\/span><\/span><\/span><\/label>\n<\/p>\n<input class=\"wpcf7-form-control wpcf7-hidden utmcrm\" value=\"\" type=\"hidden\" name=\"utmcrm\" \/>\n<p><button class=\"wpcf7-form-control wpcf7-submit has-spinner et_pb_button et_pb_bg_layout_light\" type=\"submit\" value=\"QUERO MEU E-BOOK\">QUERO MEU E-BOOK<\/button>\n<\/p><div class=\"wpcf7-response-output\" aria-hidden=\"true\"><\/div>\n<input type=\"hidden\" name=\"trp-form-language\" value=\"pt\"\/><\/form>\n<\/div>\n\n\t\t\t<\/div>\n\t\t\t\t<\/div>\n\t\t\t<\/div><\/p>","protected":false},"author":1,"featured_media":0,"parent":0,"menu_order":0,"comment_status":"closed","ping_status":"closed","template":"","meta":{"_et_pb_use_builder":"on","_et_pb_old_content":"","_et_gb_content_width":"","footnotes":""},"class_list":["post-398","page","type-page","status-publish","hentry"],"_links":{"self":[{"href":"https:\/\/conteudo.itnext.com.br\/pt\/wp-json\/wp\/v2\/pages\/398"}],"collection":[{"href":"https:\/\/conteudo.itnext.com.br\/pt\/wp-json\/wp\/v2\/pages"}],"about":[{"href":"https:\/\/conteudo.itnext.com.br\/pt\/wp-json\/wp\/v2\/types\/page"}],"author":[{"embeddable":true,"href":"https:\/\/conteudo.itnext.com.br\/pt\/wp-json\/wp\/v2\/users\/1"}],"replies":[{"embeddable":true,"href":"https:\/\/conteudo.itnext.com.br\/pt\/wp-json\/wp\/v2\/comments?post=398"}],"version-history":[{"count":3,"href":"https:\/\/conteudo.itnext.com.br\/pt\/wp-json\/wp\/v2\/pages\/398\/revisions"}],"predecessor-version":[{"id":408,"href":"https:\/\/conteudo.itnext.com.br\/pt\/wp-json\/wp\/v2\/pages\/398\/revisions\/408"}],"wp:attachment":[{"href":"https:\/\/conteudo.itnext.com.br\/pt\/wp-json\/wp\/v2\/media?parent=398"}],"curies":[{"name":"wp","href":"https:\/\/api.w.org\/{rel}","templated":true}]}}