{"id":14,"date":"2024-06-14T17:30:42","date_gmt":"2024-06-14T20:30:42","guid":{"rendered":"https:\/\/conteudo.itnext.com.br\/?page_id=14"},"modified":"2024-09-13T04:08:47","modified_gmt":"2024-09-13T07:08:47","slug":"institucional","status":"publish","type":"page","link":"https:\/\/conteudo.itnext.com.br\/pt\/","title":{"rendered":"Institucional"},"content":{"rendered":"<p>[et_pb_section fb_built=&#8221;1&#8243; custom_padding_last_edited=&#8221;on|phone&#8221; _builder_version=&#8221;4.24.2&#8243; _module_preset=&#8221;default&#8221; background_image=&#8221;https:\/\/conteudo.itnext.com.br\/wp-content\/uploads\/2024\/06\/Hero-Section.png&#8221; custom_padding=&#8221;100px||100px||false|false&#8221; custom_padding_tablet=&#8221;100px||100px||false|false&#8221; custom_padding_phone=&#8221;250px||50px||false|false&#8221; background_last_edited=&#8221;on|phone&#8221; background_image_phone=&#8221;https:\/\/conteudo.itnext.com.br\/wp-content\/uploads\/2024\/06\/Hero-Section-MB.png&#8221; background_enable_image_phone=&#8221;on&#8221; global_colors_info=&#8221;{}&#8221;][et_pb_row column_structure=&#8221;1_2,1_2&#8243; _builder_version=&#8221;4.24.2&#8243; _module_preset=&#8221;default&#8221; global_colors_info=&#8221;{}&#8221;][et_pb_column type=&#8221;1_2&#8243; _builder_version=&#8221;4.24.2&#8243; _module_preset=&#8221;default&#8221; global_colors_info=&#8221;{}&#8221;][et_pb_text _builder_version=&#8221;4.24.2&#8243; _module_preset=&#8221;default&#8221; header_font=&#8221;Poppins|700|||||||&#8221; header_text_color=&#8221;#a8518a&#8221; header_font_size=&#8221;38px&#8221; header_line_height=&#8221;1.3em&#8221; custom_margin=&#8221;||20px||false|false&#8221; header_font_size_tablet=&#8221;38px&#8221; header_font_size_phone=&#8221;24px&#8221; header_font_size_last_edited=&#8221;on|phone&#8221; global_colors_info=&#8221;{}&#8221;]<\/p>\n<h1>Deciframos Dados e Impulsionamos Neg\u00f3cios<\/h1>\n<p>[\/et_pb_text][et_pb_text _builder_version=&#8221;4.24.2&#8243; _module_preset=&#8221;default&#8221; text_font=&#8221;Poppins|500|||||||&#8221; text_text_color=&#8221;#3e4095&#8243; text_font_size=&#8221;16px&#8221; text_line_height=&#8221;1.3em&#8221; global_colors_info=&#8221;{}&#8221;]<\/p>\n<p>Quer impulsionar os dados do seu neg\u00f3cio? Na ITnext, estamos aqui para ajudar voc\u00ea a transformar seus dados em oportunidades de sucesso! Seja bem-vindo ao nosso universo de an\u00e1lise de dados e treinamentos In Company.<\/p>\n<p>Com solu\u00e7\u00f5es personalizadas e especialistas dedicados, capacitamos empresas a maximizar seu potencial e impulsionar seu sucesso atrav\u00e9s do poder dos dados.<\/p>\n<p>Junte-se a n\u00f3s e descubra como alcan\u00e7ar novos patamares de excel\u00eancia!<\/p>\n<p>[\/et_pb_text][et_pb_button button_url=&#8221;#form&#8221; button_text=&#8221;SAIBA MAIS&#8221; _builder_version=&#8221;4.24.2&#8243; _module_preset=&#8221;default&#8221; custom_button=&#8221;on&#8221; button_text_size=&#8221;16px&#8221; button_text_color=&#8221;#FFFFFF&#8221; button_bg_use_color_gradient=&#8221;on&#8221; button_bg_color_gradient_stops=&#8221;#a8518a 0%|#3e4095 100%&#8221; button_border_width=&#8221;0px&#8221; button_border_radius=&#8221;4px&#8221; button_font=&#8221;Poppins|700|||||||&#8221; custom_padding=&#8221;|50px||50px|false|true&#8221; global_colors_info=&#8221;{}&#8221;][\/et_pb_button][\/et_pb_column][et_pb_column type=&#8221;1_2&#8243; _builder_version=&#8221;4.24.2&#8243; _module_preset=&#8221;default&#8221; global_colors_info=&#8221;{}&#8221;][\/et_pb_column][\/et_pb_row][\/et_pb_section][et_pb_section fb_built=&#8221;1&#8243; _builder_version=&#8221;4.24.2&#8243; _module_preset=&#8221;default&#8221; background_image=&#8221;https:\/\/conteudo.itnext.com.br\/wp-content\/uploads\/2024\/06\/s2.png&#8221; background_last_edited=&#8221;on|phone&#8221; background_image_phone=&#8221;https:\/\/conteudo.itnext.com.br\/wp-content\/uploads\/2024\/06\/s2-MB.png&#8221; background_enable_image_phone=&#8221;on&#8221; global_colors_info=&#8221;{}&#8221;][et_pb_row column_structure=&#8221;1_2,1_2&#8243; _builder_version=&#8221;4.24.2&#8243; _module_preset=&#8221;default&#8221; custom_css_main_element=&#8221;display:flex;||align-items:center;||flex-wrap:wrap;&#8221; global_colors_info=&#8221;{}&#8221;][et_pb_column type=&#8221;1_2&#8243; _builder_version=&#8221;4.24.2&#8243; _module_preset=&#8221;default&#8221; global_colors_info=&#8221;{}&#8221;][et_pb_text _builder_version=&#8221;4.24.2&#8243; _module_preset=&#8221;default&#8221; header_font=&#8221;Poppins|700|||||||&#8221; header_text_color=&#8221;#a8518a&#8221; header_font_size=&#8221;40px&#8221; header_line_height=&#8221;1.3em&#8221; custom_margin=&#8221;||20px||false|false&#8221; header_font_size_tablet=&#8221;40px&#8221; header_font_size_phone=&#8221;30px&#8221; header_font_size_last_edited=&#8221;on|phone&#8221; global_colors_info=&#8221;{}&#8221;]<\/p>\n<h1>Servi\u00e7os Oferecidos<\/h1>\n<p>[\/et_pb_text][et_pb_text _builder_version=&#8221;4.24.2&#8243; _module_preset=&#8221;default&#8221; text_font=&#8221;Poppins||||||||&#8221; text_text_color=&#8221;#3e4095&#8243; text_font_size=&#8221;16px&#8221; custom_css_free_form=&#8221;selector li::marker {||  color: #A8518A;||}&#8221; global_colors_info=&#8221;{}&#8221;]<\/p>\n<ul>\n<li>Consultoria de An\u00e1lise de Dados<\/li>\n<li>Desenvolvimento de Software e Aplicativos sob Demanda<\/li>\n<li>Desenvolvimento de Solu\u00e7\u00f5es SAP<\/li>\n<li>Machine Learning e Intelig\u00eancia Artificial<\/li>\n<li>Melhoria de Processo (BPM &#8211; Gest\u00e3o por Processos de Neg\u00f3cio)<\/li>\n<li>Treinamentos In Company: Power BI e SAP<\/li>\n<\/ul>\n<p>[\/et_pb_text][\/et_pb_column][et_pb_column type=&#8221;1_2&#8243; _builder_version=&#8221;4.24.2&#8243; _module_preset=&#8221;default&#8221; global_colors_info=&#8221;{}&#8221;][et_pb_text _builder_version=&#8221;4.24.2&#8243; _module_preset=&#8221;default&#8221; text_font=&#8221;Poppins|700|||||||&#8221; text_text_color=&#8221;#FFFFFF&#8221; text_font_size=&#8221;16px&#8221; use_background_color_gradient=&#8221;on&#8221; background_color_gradient_direction=&#8221;90deg&#8221; background_color_gradient_stops=&#8221;rgba(168,81,138,0.8) 0%|rgba(62,64,149,0.8) 100%&#8221; custom_margin=&#8221;||10px||false|false&#8221; custom_padding=&#8221;10px|25px|10px|25px|true|true&#8221; border_radii=&#8221;on|12px|12px|12px|12px&#8221; global_colors_info=&#8221;{}&#8221;]<\/p>\n<p>Dashboards personalizados para as principais \u00e1reas: vendas, financeiro, marketing, entre outras.<\/p>\n<p>[\/et_pb_text][et_pb_text _builder_version=&#8221;4.24.2&#8243; _module_preset=&#8221;default&#8221; text_font=&#8221;Poppins|700|||||||&#8221; text_text_color=&#8221;#FFFFFF&#8221; text_font_size=&#8221;16px&#8221; use_background_color_gradient=&#8221;on&#8221; background_color_gradient_direction=&#8221;90deg&#8221; background_color_gradient_stops=&#8221;rgba(168,81,138,0.8) 0%|rgba(62,64,149,0.8) 100%&#8221; custom_margin=&#8221;||10px||false|false&#8221; custom_padding=&#8221;10px|25px|10px|25px|true|true&#8221; border_radii=&#8221;on|12px|12px|12px|12px&#8221; global_colors_info=&#8221;{}&#8221;]<\/p>\n<p>Business Intelligence (BI) para transformar dados brutos em insights acion\u00e1veis.<\/p>\n<p>[\/et_pb_text][et_pb_text _builder_version=&#8221;4.24.2&#8243; _module_preset=&#8221;default&#8221; text_font=&#8221;Poppins|700|||||||&#8221; text_text_color=&#8221;#FFFFFF&#8221; text_font_size=&#8221;16px&#8221; use_background_color_gradient=&#8221;on&#8221; background_color_gradient_direction=&#8221;90deg&#8221; background_color_gradient_stops=&#8221;rgba(168,81,138,0.8) 0%|rgba(62,64,149,0.8) 100%&#8221; custom_margin=&#8221;||10px||false|false&#8221; custom_padding=&#8221;10px|25px|10px|25px|true|true&#8221; border_radii=&#8221;on|12px|12px|12px|12px&#8221; global_colors_info=&#8221;{}&#8221;]<\/p>\n<p>Arquitetura de Dados, desde a extra\u00e7\u00e3o at\u00e9 a cria\u00e7\u00e3o de relat\u00f3rios. Oferecemos um processo detalhado para garantir resultados eficazes.<\/p>\n<p>[\/et_pb_text][et_pb_text _builder_version=&#8221;4.24.2&#8243; _module_preset=&#8221;default&#8221; text_font=&#8221;Poppins|700|||||||&#8221; text_text_color=&#8221;#FFFFFF&#8221; text_font_size=&#8221;16px&#8221; use_background_color_gradient=&#8221;on&#8221; background_color_gradient_direction=&#8221;90deg&#8221; background_color_gradient_stops=&#8221;rgba(168,81,138,0.8) 0%|rgba(62,64,149,0.8) 100%&#8221; custom_margin=&#8221;||10px||false|false&#8221; custom_padding=&#8221;10px|25px|10px|25px|true|true&#8221; border_radii=&#8221;on|12px|12px|12px|12px&#8221; global_colors_info=&#8221;{}&#8221;]<\/p>\n<p>Especialistas em Data Visualization para uma apresenta\u00e7\u00e3o visualmente impactante e proporcionando uma compreens\u00e3o clara e r\u00e1pida dos seus principais indicadores.<\/p>\n<p>[\/et_pb_text][\/et_pb_column][\/et_pb_row][\/et_pb_section][et_pb_section fb_built=&#8221;1&#8243; custom_padding_last_edited=&#8221;on|phone&#8221; _builder_version=&#8221;4.24.2&#8243; _module_preset=&#8221;default&#8221; background_image=&#8221;https:\/\/conteudo.itnext.com.br\/wp-content\/uploads\/2024\/06\/s3.png&#8221; custom_padding=&#8221;100px||100px||true|false&#8221; custom_padding_tablet=&#8221;100px||100px||true|false&#8221; custom_padding_phone=&#8221;200px||50px||false|false&#8221; background_last_edited=&#8221;on|phone&#8221; background_image_phone=&#8221;https:\/\/conteudo.itnext.com.br\/wp-content\/uploads\/2024\/06\/s3-MB.png&#8221; background_enable_image_phone=&#8221;on&#8221; global_colors_info=&#8221;{}&#8221;][et_pb_row column_structure=&#8221;3_5,2_5&#8243; _builder_version=&#8221;4.24.2&#8243; _module_preset=&#8221;default&#8221; global_colors_info=&#8221;{}&#8221;][et_pb_column type=&#8221;3_5&#8243; _builder_version=&#8221;4.24.2&#8243; _module_preset=&#8221;default&#8221; global_colors_info=&#8221;{}&#8221;][et_pb_text content_tablet=&#8221;<\/p>\n<h1>An\u00e1lise de Dados e Tecnologias Corporativas<\/h1>\n<p>&#8221; content_phone=&#8221;<\/p>\n<h1>An\u00e1lise de Dados<br \/>e Tecnologias Corporativas<\/h1>\n<p>&#8221; content_last_edited=&#8221;on|phone&#8221; _builder_version=&#8221;4.24.2&#8243; _module_preset=&#8221;default&#8221; header_font=&#8221;Poppins|700|||||||&#8221; header_text_color=&#8221;#a8518a&#8221; header_font_size=&#8221;40px&#8221; header_line_height=&#8221;1.3em&#8221; custom_margin=&#8221;||20px||false|false&#8221; header_font_size_tablet=&#8221;40px&#8221; header_font_size_phone=&#8221;28px&#8221; header_font_size_last_edited=&#8221;on|phone&#8221; global_colors_info=&#8221;{}&#8221;]<\/p>\n<h1>An\u00e1lise de Dados e Tecnologias Corporativas<\/h1>\n<p>[\/et_pb_text][et_pb_text _builder_version=&#8221;4.24.2&#8243; _module_preset=&#8221;default&#8221; header_3_font=&#8221;Poppins|700|||||||&#8221; header_3_text_color=&#8221;#3e4095&#8243; header_3_font_size=&#8221;24px&#8221; custom_margin=&#8221;||20px||false|false&#8221; global_colors_info=&#8221;{}&#8221;]<\/p>\n<h3>Consultoria de An\u00e1lise de Dados:<\/h3>\n<p>[\/et_pb_text][et_pb_text _builder_version=&#8221;4.24.2&#8243; _module_preset=&#8221;default&#8221; text_font=&#8221;Poppins|500|||||||&#8221; text_text_color=&#8221;#3e4095&#8243; text_font_size=&#8221;16px&#8221; text_line_height=&#8221;1.3em&#8221; global_colors_info=&#8221;{}&#8221;]<\/p>\n<p>Oferecemos consultoria especializada para ajudar empresas a extrair o m\u00e1ximo de valor de seus dados. Utilizamos t\u00e9cnicas avan\u00e7adas de an\u00e1lise para identificar padr\u00f5es e proporcionando insights precisos, trabalhando em estreita colabora\u00e7\u00e3o para desenvolver estrat\u00e9gias personalizadas e implementar solu\u00e7\u00f5es pr\u00e1ticas que impulsionem o crescimento do neg\u00f3cio.<\/p>\n<p>[\/et_pb_text][et_pb_text _builder_version=&#8221;4.24.2&#8243; _module_preset=&#8221;default&#8221; header_3_font=&#8221;Poppins|700|||||||&#8221; header_3_text_color=&#8221;#3e4095&#8243; header_3_font_size=&#8221;24px&#8221; custom_margin=&#8221;||20px||false|false&#8221; global_colors_info=&#8221;{}&#8221;]<\/p>\n<h3>Treinamentos In Company: Power BI e SAP:<\/h3>\n<p>[\/et_pb_text][et_pb_text _builder_version=&#8221;4.24.2&#8243; _module_preset=&#8221;default&#8221; text_font=&#8221;Poppins|500|||||||&#8221; text_text_color=&#8221;#3e4095&#8243; text_font_size=&#8221;16px&#8221; text_line_height=&#8221;1.3em&#8221; global_colors_info=&#8221;{}&#8221;]<\/p>\n<p>Oferecemos treinamentos personalizados em Power BI e SAP, ministrados por instrutores experientes. Desde os conceitos b\u00e1sicos at\u00e9 t\u00e9cnicas avan\u00e7adas, nossos cursos garantem que os participantes adquiram habilidades pr\u00e1ticas aplic\u00e1veis imediatamente\u00a0em suas fun\u00e7\u00f5es profissionais.<\/p>\n<p>[\/et_pb_text][et_pb_button button_url=&#8221;#form&#8221; button_text=&#8221;SAIBA MAIS&#8221; _builder_version=&#8221;4.24.2&#8243; _module_preset=&#8221;default&#8221; custom_button=&#8221;on&#8221; button_text_size=&#8221;16px&#8221; button_text_color=&#8221;#FFFFFF&#8221; button_bg_use_color_gradient=&#8221;on&#8221; button_bg_color_gradient_stops=&#8221;#a8518a 0%|#3e4095 100%&#8221; button_border_width=&#8221;0px&#8221; button_border_radius=&#8221;4px&#8221; button_font=&#8221;Poppins|700|||||||&#8221; custom_padding=&#8221;|50px||50px|false|true&#8221; global_colors_info=&#8221;{}&#8221;][\/et_pb_button][\/et_pb_column][et_pb_column type=&#8221;2_5&#8243; _builder_version=&#8221;4.24.2&#8243; _module_preset=&#8221;default&#8221; global_colors_info=&#8221;{}&#8221;][\/et_pb_column][\/et_pb_row][\/et_pb_section][et_pb_section fb_built=&#8221;1&#8243; _builder_version=&#8221;4.24.2&#8243; _module_preset=&#8221;default&#8221; global_colors_info=&#8221;{}&#8221;][et_pb_row _builder_version=&#8221;4.24.2&#8243; _module_preset=&#8221;default&#8221; global_colors_info=&#8221;{}&#8221;][et_pb_column type=&#8221;4_4&#8243; _builder_version=&#8221;4.24.2&#8243; _module_preset=&#8221;default&#8221; global_colors_info=&#8221;{}&#8221;][et_pb_code raw_content_tablet=&#8221;&#8221; raw_content_phone=&#8221;<\/p>\n<div style=%22display: flex; align-items: center;justify-content:center;%22>\n    <img src=%22https:\/\/conteudo.itnext.com.br\/wp-content\/uploads\/2024\/06\/Itnext-icon-1.png%22 alt=%22Lupo Logo%22 style=%22height: 40px;%22><br \/>\n    <span style=%22font-size: 20px; color: #A8518A;font-weight:700;line-height:1.3em;%22>Por que Escolher a ITnext?<\/span>\n<\/div>\n<p>&#8221; raw_content_last_edited=&#8221;on|phone&#8221; _builder_version=&#8221;4.24.2&#8243; _module_preset=&#8221;default&#8221; global_colors_info=&#8221;{}&#8221;]<\/p>\n<div style=\"display: flex; align-items: center;justify-content:center;\"><!-- [et_pb_line_break_holder] -->    <img decoding=\"async\" src=\"https:\/\/conteudo.itnext.com.br\/wp-content\/uploads\/2024\/06\/Itnext-icon-1.png\" alt=\"Lupo Logo\" style=\"height: 40px;\"><!-- [et_pb_line_break_holder] -->    <span style=\"font-size: 40px; color: #A8518A;font-weight:700;line-height:1.3em;\">Por que Escolher a ITnext?<\/span><!-- [et_pb_line_break_holder] --><\/div>\n<p><!-- [et_pb_line_break_holder] -->[\/et_pb_code][et_pb_blurb title=&#8221;Atuamos com os principais ERPs de mercado:&#8221; image=&#8221;https:\/\/conteudo.itnext.com.br\/wp-content\/uploads\/2024\/06\/medalha.png&#8221; icon_placement=&#8221;left&#8221; content_max_width=&#8221;100%&#8221; content_max_width_last_edited=&#8221;off|phone&#8221; _builder_version=&#8221;4.24.2&#8243; _module_preset=&#8221;default&#8221; header_font=&#8221;Poppins||||||||&#8221; header_text_color=&#8221;#FFFFFF&#8221; header_font_size=&#8221;20px&#8221; body_font=&#8221;Poppins||||||||&#8221; body_text_color=&#8221;#FFFFFF&#8221; body_font_size=&#8221;16px&#8221; use_background_color_gradient=&#8221;on&#8221; background_color_gradient_direction=&#8221;90deg&#8221; background_color_gradient_stops=&#8221;#3e4095 0%|#a8518a 100%&#8221; width=&#8221;800px&#8221; width_tablet=&#8221;800px&#8221; width_phone=&#8221;320px&#8221; width_last_edited=&#8221;on|phone&#8221; module_alignment=&#8221;center&#8221; custom_padding=&#8221;20px|20px|20px|20px|true|true&#8221; border_radii=&#8221;on|8px|8px|8px|8px&#8221; global_colors_info=&#8221;{}&#8221;]<\/p>\n<p>Trabalhamos com as marcas l\u00edderes do setor de an\u00e1lise de dados e treinamento, garantindo acesso a tecnologias avan\u00e7adas e pr\u00e1ticas reconhecidas.<\/p>\n<p>[\/et_pb_blurb][et_pb_blurb title=&#8221;Solu\u00e7\u00f5es personalizadas para necessidades espec\u00edficas: &#8221; image=&#8221;https:\/\/conteudo.itnext.com.br\/wp-content\/uploads\/2024\/06\/definindo-linhas.png&#8221; icon_placement=&#8221;left&#8221; content_max_width=&#8221;100%&#8221; _builder_version=&#8221;4.24.2&#8243; _module_preset=&#8221;default&#8221; header_font=&#8221;Poppins||||||||&#8221; header_text_color=&#8221;#FFFFFF&#8221; header_font_size=&#8221;20px&#8221; body_font=&#8221;Poppins||||||||&#8221; body_text_color=&#8221;#FFFFFF&#8221; body_font_size=&#8221;16px&#8221; use_background_color_gradient=&#8221;on&#8221; background_color_gradient_direction=&#8221;90deg&#8221; background_color_gradient_stops=&#8221;#3e4095 0%|#a8518a 100%&#8221; width=&#8221;800px&#8221; width_tablet=&#8221;800px&#8221; width_phone=&#8221;320px&#8221; width_last_edited=&#8221;on|phone&#8221; module_alignment=&#8221;center&#8221; custom_padding=&#8221;20px|20px|20px|20px|true|true&#8221; border_radii=&#8221;on|8px|8px|8px|8px&#8221; global_colors_info=&#8221;{}&#8221;]<\/p>\n<p>Desenvolvemos solu\u00e7\u00f5es sob medida para cada cliente, adaptando nossos servi\u00e7os para atender \u00e0s suas necessidades individuais, maximizando efic\u00e1cia e valor.<\/p>\n<p>[\/et_pb_blurb][et_pb_blurb title=&#8221;Equipe de especialistas em arquitetura de dados:&#8221; image=&#8221;https:\/\/conteudo.itnext.com.br\/wp-content\/uploads\/2024\/06\/trabalho-em-equipe.png&#8221; icon_placement=&#8221;left&#8221; content_max_width=&#8221;100%&#8221; _builder_version=&#8221;4.24.2&#8243; _module_preset=&#8221;default&#8221; header_font=&#8221;Poppins||||||||&#8221; header_text_color=&#8221;#FFFFFF&#8221; header_font_size=&#8221;20px&#8221; body_font=&#8221;Poppins||||||||&#8221; body_text_color=&#8221;#FFFFFF&#8221; body_font_size=&#8221;16px&#8221; use_background_color_gradient=&#8221;on&#8221; background_color_gradient_direction=&#8221;90deg&#8221; background_color_gradient_stops=&#8221;#3e4095 0%|#a8518a 100%&#8221; width=&#8221;800px&#8221; width_tablet=&#8221;800px&#8221; width_phone=&#8221;320px&#8221; width_last_edited=&#8221;on|phone&#8221; module_alignment=&#8221;center&#8221; custom_padding=&#8221;20px|20px|20px|20px|true|true&#8221; border_radii=&#8221;on|8px|8px|8px|8px&#8221; global_colors_info=&#8221;{}&#8221;]<\/p>\n<p>Contamos com uma equipe altamente qualificada em arquitetura de dados, garantindo uma gest\u00e3o eficiente e segura dos dados de nossos clientes.<\/p>\n<p>[\/et_pb_blurb][et_pb_blurb title=&#8221;Comprometimento com o sucesso do cliente \u2028atrav\u00e9s do poder dos dados:&#8221; image=&#8221;https:\/\/conteudo.itnext.com.br\/wp-content\/uploads\/2024\/06\/comprometimento.png&#8221; icon_placement=&#8221;left&#8221; content_max_width=&#8221;100%&#8221; _builder_version=&#8221;4.24.2&#8243; _module_preset=&#8221;default&#8221; header_font=&#8221;Poppins||||||||&#8221; header_text_color=&#8221;#FFFFFF&#8221; header_font_size=&#8221;20px&#8221; body_font=&#8221;Poppins||||||||&#8221; body_text_color=&#8221;#FFFFFF&#8221; body_font_size=&#8221;16px&#8221; use_background_color_gradient=&#8221;on&#8221; background_color_gradient_direction=&#8221;90deg&#8221; background_color_gradient_stops=&#8221;#3e4095 0%|#a8518a 100%&#8221; width=&#8221;800px&#8221; width_tablet=&#8221;800px&#8221; width_phone=&#8221;320px&#8221; width_last_edited=&#8221;on|phone&#8221; module_alignment=&#8221;center&#8221; custom_padding=&#8221;20px|20px|20px|20px|true|true&#8221; border_radii=&#8221;on|8px|8px|8px|8px&#8221; global_colors_info=&#8221;{}&#8221;]<\/p>\n<p>Nosso compromisso \u00e9 garantir o sucesso de nossos clientes, utilizando dados como uma ferramenta poderosa transformando informa\u00e7\u00f5es em insights estrat\u00e9gicos!<\/p>\n<p>[\/et_pb_blurb][\/et_pb_column][\/et_pb_row][\/et_pb_section][et_pb_section fb_built=&#8221;1&#8243; custom_padding_last_edited=&#8221;on|phone&#8221; _builder_version=&#8221;4.24.2&#8243; _module_preset=&#8221;default&#8221; background_image=&#8221;https:\/\/conteudo.itnext.com.br\/wp-content\/uploads\/2024\/06\/form.png&#8221; custom_padding=&#8221;100px||100px||true|false&#8221; custom_padding_tablet=&#8221;100px||100px||true|false&#8221; custom_padding_phone=&#8221;200px||50px||false|false&#8221; background_last_edited=&#8221;on|phone&#8221; background_image_phone=&#8221;https:\/\/conteudo.itnext.com.br\/wp-content\/uploads\/2024\/06\/FORM-MB.png&#8221; background_enable_image_phone=&#8221;on&#8221; global_colors_info=&#8221;{}&#8221;][et_pb_row column_structure=&#8221;1_2,1_2&#8243; _builder_version=&#8221;4.24.2&#8243; _module_preset=&#8221;default&#8221; custom_css_main_element=&#8221;display:flex;||align-items:center;||flex-wrap:wrap;&#8221; global_colors_info=&#8221;{}&#8221;][et_pb_column type=&#8221;1_2&#8243; _builder_version=&#8221;4.24.2&#8243; _module_preset=&#8221;default&#8221; global_colors_info=&#8221;{}&#8221;][et_pb_text _builder_version=&#8221;4.24.2&#8243; _module_preset=&#8221;default&#8221; header_font=&#8221;Poppins|700|||||||&#8221; header_text_color=&#8221;#3e4095&#8243; header_font_size=&#8221;36px&#8221; header_line_height=&#8221;1.3em&#8221; custom_margin=&#8221;||20px||false|false&#8221; header_font_size_tablet=&#8221;40px&#8221; header_font_size_phone=&#8221;30px&#8221; header_font_size_last_edited=&#8221;on|phone&#8221; global_colors_info=&#8221;{}&#8221;]<\/p>\n<h1>PRONTOS PARA DECIFRAR DADOS E IMPULSIONAR OS NEG\u00d3CIOS?<\/h1>\n<p>[\/et_pb_text][\/et_pb_column][et_pb_column type=&#8221;1_2&#8243; _builder_version=&#8221;4.24.2&#8243; _module_preset=&#8221;default&#8221; background_color=&#8221;rgba(62,64,149,0.8)&#8221; custom_padding=&#8221;30px|30px|30px|30px|true|true&#8221; border_radii=&#8221;on|24px|24px|24px|24px&#8221; global_colors_info=&#8221;{}&#8221;][et_pb_text _builder_version=&#8221;4.24.2&#8243; _module_preset=&#8221;default&#8221; text_font=&#8221;Poppins||||||||&#8221; text_text_color=&#8221;#FFFFFF&#8221; custom_margin=&#8221;||0px||false|false&#8221; global_colors_info=&#8221;{}&#8221;]<\/p>\n<p>Preencha o formul\u00e1rio abaixo para saber mais sobre como podemos ajudar sua empresa a alcan\u00e7ar novos patamares de sucesso atrav\u00e9s da an\u00e1lise de dados e treinamentos especializados.<\/p>\n<p>[\/et_pb_text][dsm_contact_form_7 cf7_library=&#8221;7&#8243; input_background_color=&#8221;RGBA(255,255,255,0)&#8221; module_id=&#8221;form&#8221; _builder_version=&#8221;4.24.2&#8243; _module_preset=&#8221;default&#8221; input_textarea_select_font=&#8221;Poppins||||||||&#8221; input_textarea_select_line_height=&#8221;1.3em&#8221; placeholder_font=&#8221;Poppins||||||||&#8221; placeholder_text_color=&#8221;#FFFFFF&#8221; placeholder_line_height=&#8221;1.3em&#8221; radio_checkbox_font=&#8221;Poppins||||||||&#8221; radio_checkbox_text_color=&#8221;#FFFFFF&#8221; radio_checkbox_font_size=&#8221;12px&#8221; custom_button_one=&#8221;on&#8221; button_one_text_size=&#8221;16px&#8221; button_one_text_color=&#8221;#FFFFFF&#8221; button_one_bg_use_color_gradient=&#8221;on&#8221; button_one_bg_color_gradient_stops=&#8221;#a8518a 0%|#3e4095 100%&#8221; button_one_border_width=&#8221;0px&#8221; button_one_border_radius=&#8221;4px&#8221; button_one_font=&#8221;Poppins|700|||||||&#8221; border_width_bottom_image=&#8221;1px&#8221; border_color_bottom_image=&#8221;#FFFFFF&#8221; global_colors_info=&#8221;{}&#8221;][\/dsm_contact_form_7][\/et_pb_column][\/et_pb_row][\/et_pb_section]<\/p>\n","protected":false},"excerpt":{"rendered":"<p>Deciframos Dados e Impulsionamos Neg\u00f3ciosQuer impulsionar os dados do seu neg\u00f3cio? Na ITnext, estamos aqui para ajudar voc\u00ea a transformar seus dados em oportunidades de sucesso! Seja bem-vindo ao nosso universo de an\u00e1lise de dados e treinamentos In Company. Com solu\u00e7\u00f5es personalizadas e especialistas dedicados, capacitamos empresas a maximizar seu potencial e impulsionar seu sucesso [&hellip;]<\/p>\n","protected":false},"author":1,"featured_media":0,"parent":0,"menu_order":0,"comment_status":"closed","ping_status":"closed","template":"","meta":{"_et_pb_use_builder":"on","_et_pb_old_content":"","_et_gb_content_width":"","footnotes":""},"class_list":["post-14","page","type-page","status-publish","hentry"],"_links":{"self":[{"href":"https:\/\/conteudo.itnext.com.br\/pt\/wp-json\/wp\/v2\/pages\/14"}],"collection":[{"href":"https:\/\/conteudo.itnext.com.br\/pt\/wp-json\/wp\/v2\/pages"}],"about":[{"href":"https:\/\/conteudo.itnext.com.br\/pt\/wp-json\/wp\/v2\/types\/page"}],"author":[{"embeddable":true,"href":"https:\/\/conteudo.itnext.com.br\/pt\/wp-json\/wp\/v2\/users\/1"}],"replies":[{"embeddable":true,"href":"https:\/\/conteudo.itnext.com.br\/pt\/wp-json\/wp\/v2\/comments?post=14"}],"version-history":[{"count":12,"href":"https:\/\/conteudo.itnext.com.br\/pt\/wp-json\/wp\/v2\/pages\/14\/revisions"}],"predecessor-version":[{"id":181,"href":"https:\/\/conteudo.itnext.com.br\/pt\/wp-json\/wp\/v2\/pages\/14\/revisions\/181"}],"wp:attachment":[{"href":"https:\/\/conteudo.itnext.com.br\/pt\/wp-json\/wp\/v2\/media?parent=14"}],"curies":[{"name":"wp","href":"https:\/\/api.w.org\/{rel}","templated":true}]}}